{"id":37,"date":"2024-09-18T09:12:14","date_gmt":"2024-09-18T09:12:14","guid":{"rendered":"https:\/\/new.studiolegalelazzarin.it\/?page_id=37"},"modified":"2024-09-18T09:12:57","modified_gmt":"2024-09-18T09:12:57","slug":"i-professionisti","status":"publish","type":"page","link":"https:\/\/studiolegalelazzarin.it\/?page_id=37","title":{"rendered":"I professionisti"},"content":{"rendered":"\n<h2 class=\"wp-block-heading\"><img loading=\"lazy\" decoding=\"async\" width=\"234\" height=\"352\" src=\"https:\/\/studiolegalelazzarin.it\/images\/LazzarinFoto.jpg\"><\/h2>\n\n\n\n<p><strong>Francesco Lazzarin<\/strong><\/p>\n\n\n\n<p>Nato a Venezia il 29 dicembre 1960,&nbsp;il 13 dicembre 1991 si \u00e8 laureato in Giurisprudenza presso l&#8217;Universit\u00e0 degli Studi di Ferrara ed \u00e8 divenuto avvocato nel novembre 1999.&nbsp;Gi\u00e0&nbsp;del Foro&nbsp;di Venezia, \u00e8 attualmente iscritto all&#8217;Albo degli Avvocati di Pordenone.<\/p>\n\n\n\n<p>Da subito appassionato di diritto e procedura penale, ha frequentato a Venezia&nbsp;il corso biennale distrettuale di formazione per avvocati penalisti, indetto dall&#8217;Unione delle Camera Penali Italiane, e quello di tecniche e strategie della difesa penale &#8220;Luigi Stochino&#8221;. E&#8217; stato iscritto all&#8217;elenco dei difensori d&#8217;ufficio di Venezia e&nbsp;ha svolto funzioni di Vice Procuratore Onorario presso il Tribunale di Pordenone.<\/p>\n\n\n\n<p>Ha partecipato, in qualit\u00e0 di difensore, a numerosi processi per delitti contro la persona ed il patrimonio, contro la fede pubblica, in materia fallimentare e commerciale, fiscale e tributaria, in materia di stupefacenti, oltre che per reati di violenza sessuale e pedo-pornografia, nonch\u00e9 &nbsp;di diffamazione&nbsp;a mezzo stampa.&nbsp;<\/p>\n\n\n\n<p>Dopo avere collaborato, anche come socio, con altri studi e professionisti del settore, oggi \u00e8 titolare del proprio Studio Legale, a indirizzo prettamente penalistico, sito a Portogruaro (VE).&nbsp;<\/p>\n\n\n\n<p>Iscritto nell&#8217;Albo Speciale degli Avvocati ammessi al Patrocinio dinnanzi alla Corte di Cassazione, segue personalmente i processi presso i Tribunali non solo&nbsp;di Friuli e&nbsp;Veneto ma anche nel resto d&#8217;Italia e nelle relative Corti d&#8217;Appello&nbsp;per&nbsp;tutti&nbsp;i gradi del procedimento e nelle&nbsp;eventuali fasi di esecuzione e sorveglianza.<\/p>\n","protected":false},"excerpt":{"rendered":"<p>Francesco Lazzarin Nato a Venezia il 29 dicembre 1960,&nbsp;il 13 dicembre 1991 si \u00e8 laureato in Giurisprudenza presso l&#8217;Universit\u00e0 degli Studi di Ferrara ed \u00e8 divenuto avvocato nel novembre 1999.&nbsp;Gi\u00e0&nbsp;del Foro&nbsp;di Venezia, \u00e8 attualmente iscritto all&#8217;Albo degli Avvocati di Pordenone. Da subito appassionato di diritto e procedura penale, ha frequentato a Venezia&nbsp;il corso biennale distrettuale [&hellip;]<\/p>\n","protected":false},"author":1,"featured_media":0,"parent":0,"menu_order":0,"comment_status":"closed","ping_status":"closed","template":"","meta":{"footnotes":""},"class_list":["post-37","page","type-page","status-publish","hentry"],"yoast_head":"<!-- This site is optimized with the Yoast SEO plugin v23.4 - https:\/\/yoast.com\/wordpress\/plugins\/seo\/ -->\n<title>I professionisti - Studio Legale Lazzarin<\/title>\n<meta name=\"robots\" content=\"noindex, follow, max-snippet:-1, max-image-preview:large, max-video-preview:-1\" \/>\n<meta property=\"og:locale\" content=\"it_IT\" \/>\n<meta property=\"og:type\" content=\"article\" \/>\n<meta property=\"og:title\" content=\"I professionisti - Studio Legale Lazzarin\" \/>\n<meta property=\"og:description\" content=\"Francesco Lazzarin Nato a Venezia il 29 dicembre 1960,&nbsp;il 13 dicembre 1991 si \u00e8 laureato in Giurisprudenza presso l&#8217;Universit\u00e0 degli Studi di Ferrara ed \u00e8 divenuto avvocato nel novembre 1999.&nbsp;Gi\u00e0&nbsp;del Foro&nbsp;di Venezia, \u00e8 attualmente iscritto all&#8217;Albo degli Avvocati di Pordenone. Da subito appassionato di diritto e procedura penale, ha frequentato a Venezia&nbsp;il corso biennale distrettuale [&hellip;]\" \/>\n<meta property=\"og:url\" content=\"https:\/\/studiolegalelazzarin.it\/?page_id=37\" \/>\n<meta property=\"og:site_name\" content=\"Studio Legale Lazzarin\" \/>\n<meta property=\"article:modified_time\" content=\"2024-09-18T09:12:57+00:00\" \/>\n<meta property=\"og:image\" content=\"https:\/\/studiolegalelazzarin.it\/images\/LazzarinFoto.jpg\" \/>\n<meta name=\"twitter:card\" content=\"summary_large_image\" \/>\n<meta name=\"twitter:label1\" content=\"Tempo di lettura stimato\" \/>\n\t<meta name=\"twitter:data1\" content=\"2 minuti\" \/>\n<script type=\"application\/ld+json\" class=\"yoast-schema-graph\">{\"@context\":\"https:\/\/schema.org\",\"@graph\":[{\"@type\":\"WebPage\",\"@id\":\"https:\/\/studiolegalelazzarin.it\/?page_id=37\",\"url\":\"https:\/\/studiolegalelazzarin.it\/?page_id=37\",\"name\":\"I professionisti - Studio Legale Lazzarin\",\"isPartOf\":{\"@id\":\"https:\/\/studiolegalelazzarin.it\/#website\"},\"primaryImageOfPage\":{\"@id\":\"https:\/\/studiolegalelazzarin.it\/?page_id=37#primaryimage\"},\"image\":{\"@id\":\"https:\/\/studiolegalelazzarin.it\/?page_id=37#primaryimage\"},\"thumbnailUrl\":\"https:\/\/studiolegalelazzarin.it\/images\/LazzarinFoto.jpg\",\"datePublished\":\"2024-09-18T09:12:14+00:00\",\"dateModified\":\"2024-09-18T09:12:57+00:00\",\"breadcrumb\":{\"@id\":\"https:\/\/studiolegalelazzarin.it\/?page_id=37#breadcrumb\"},\"inLanguage\":\"it-IT\",\"potentialAction\":[{\"@type\":\"ReadAction\",\"target\":[\"https:\/\/studiolegalelazzarin.it\/?page_id=37\"]}]},{\"@type\":\"ImageObject\",\"inLanguage\":\"it-IT\",\"@id\":\"https:\/\/studiolegalelazzarin.it\/?page_id=37#primaryimage\",\"url\":\"https:\/\/studiolegalelazzarin.it\/images\/LazzarinFoto.jpg\",\"contentUrl\":\"https:\/\/studiolegalelazzarin.it\/images\/LazzarinFoto.jpg\"},{\"@type\":\"BreadcrumbList\",\"@id\":\"https:\/\/studiolegalelazzarin.it\/?page_id=37#breadcrumb\",\"itemListElement\":[{\"@type\":\"ListItem\",\"position\":1,\"name\":\"Home\",\"item\":\"https:\/\/studiolegalelazzarin.it\/\"},{\"@type\":\"ListItem\",\"position\":2,\"name\":\"I professionisti\"}]},{\"@type\":\"WebSite\",\"@id\":\"https:\/\/studiolegalelazzarin.it\/#website\",\"url\":\"https:\/\/studiolegalelazzarin.it\/\",\"name\":\"Studio Legale Lazzarin\",\"description\":\"\",\"potentialAction\":[{\"@type\":\"SearchAction\",\"target\":{\"@type\":\"EntryPoint\",\"urlTemplate\":\"https:\/\/studiolegalelazzarin.it\/?s={search_term_string}\"},\"query-input\":{\"@type\":\"PropertyValueSpecification\",\"valueRequired\":true,\"valueName\":\"search_term_string\"}}],\"inLanguage\":\"it-IT\"}]}<\/script>\n<!-- \/ Yoast SEO plugin. -->","yoast_head_json":{"title":"I professionisti - Studio Legale Lazzarin","robots":{"index":"noindex","follow":"follow","max-snippet":"max-snippet:-1","max-image-preview":"max-image-preview:large","max-video-preview":"max-video-preview:-1"},"og_locale":"it_IT","og_type":"article","og_title":"I professionisti - Studio Legale Lazzarin","og_description":"Francesco Lazzarin Nato a Venezia il 29 dicembre 1960,&nbsp;il 13 dicembre 1991 si \u00e8 laureato in Giurisprudenza presso l&#8217;Universit\u00e0 degli Studi di Ferrara ed \u00e8 divenuto avvocato nel novembre 1999.&nbsp;Gi\u00e0&nbsp;del Foro&nbsp;di Venezia, \u00e8 attualmente iscritto all&#8217;Albo degli Avvocati di Pordenone. Da subito appassionato di diritto e procedura penale, ha frequentato a Venezia&nbsp;il corso biennale distrettuale [&hellip;]","og_url":"https:\/\/studiolegalelazzarin.it\/?page_id=37","og_site_name":"Studio Legale Lazzarin","article_modified_time":"2024-09-18T09:12:57+00:00","og_image":[{"url":"https:\/\/studiolegalelazzarin.it\/images\/LazzarinFoto.jpg"}],"twitter_card":"summary_large_image","twitter_misc":{"Tempo di lettura stimato":"2 minuti"},"schema":{"@context":"https:\/\/schema.org","@graph":[{"@type":"WebPage","@id":"https:\/\/studiolegalelazzarin.it\/?page_id=37","url":"https:\/\/studiolegalelazzarin.it\/?page_id=37","name":"I professionisti - Studio Legale Lazzarin","isPartOf":{"@id":"https:\/\/studiolegalelazzarin.it\/#website"},"primaryImageOfPage":{"@id":"https:\/\/studiolegalelazzarin.it\/?page_id=37#primaryimage"},"image":{"@id":"https:\/\/studiolegalelazzarin.it\/?page_id=37#primaryimage"},"thumbnailUrl":"https:\/\/studiolegalelazzarin.it\/images\/LazzarinFoto.jpg","datePublished":"2024-09-18T09:12:14+00:00","dateModified":"2024-09-18T09:12:57+00:00","breadcrumb":{"@id":"https:\/\/studiolegalelazzarin.it\/?page_id=37#breadcrumb"},"inLanguage":"it-IT","potentialAction":[{"@type":"ReadAction","target":["https:\/\/studiolegalelazzarin.it\/?page_id=37"]}]},{"@type":"ImageObject","inLanguage":"it-IT","@id":"https:\/\/studiolegalelazzarin.it\/?page_id=37#primaryimage","url":"https:\/\/studiolegalelazzarin.it\/images\/LazzarinFoto.jpg","contentUrl":"https:\/\/studiolegalelazzarin.it\/images\/LazzarinFoto.jpg"},{"@type":"BreadcrumbList","@id":"https:\/\/studiolegalelazzarin.it\/?page_id=37#breadcrumb","itemListElement":[{"@type":"ListItem","position":1,"name":"Home","item":"https:\/\/studiolegalelazzarin.it\/"},{"@type":"ListItem","position":2,"name":"I professionisti"}]},{"@type":"WebSite","@id":"https:\/\/studiolegalelazzarin.it\/#website","url":"https:\/\/studiolegalelazzarin.it\/","name":"Studio Legale Lazzarin","description":"","potentialAction":[{"@type":"SearchAction","target":{"@type":"EntryPoint","urlTemplate":"https:\/\/studiolegalelazzarin.it\/?s={search_term_string}"},"query-input":{"@type":"PropertyValueSpecification","valueRequired":true,"valueName":"search_term_string"}}],"inLanguage":"it-IT"}]}},"_links":{"self":[{"href":"https:\/\/studiolegalelazzarin.it\/index.php?rest_route=\/wp\/v2\/pages\/37","targetHints":{"allow":["GET"]}}],"collection":[{"href":"https:\/\/studiolegalelazzarin.it\/index.php?rest_route=\/wp\/v2\/pages"}],"about":[{"href":"https:\/\/studiolegalelazzarin.it\/index.php?rest_route=\/wp\/v2\/types\/page"}],"author":[{"embeddable":true,"href":"https:\/\/studiolegalelazzarin.it\/index.php?rest_route=\/wp\/v2\/users\/1"}],"replies":[{"embeddable":true,"href":"https:\/\/studiolegalelazzarin.it\/index.php?rest_route=%2Fwp%2Fv2%2Fcomments&post=37"}],"version-history":[{"count":2,"href":"https:\/\/studiolegalelazzarin.it\/index.php?rest_route=\/wp\/v2\/pages\/37\/revisions"}],"predecessor-version":[{"id":39,"href":"https:\/\/studiolegalelazzarin.it\/index.php?rest_route=\/wp\/v2\/pages\/37\/revisions\/39"}],"wp:attachment":[{"href":"https:\/\/studiolegalelazzarin.it\/index.php?rest_route=%2Fwp%2Fv2%2Fmedia&parent=37"}],"curies":[{"name":"wp","href":"https:\/\/api.w.org\/{rel}","templated":true}]}}