{"id":17,"date":"2024-09-17T18:07:29","date_gmt":"2024-09-17T18:07:29","guid":{"rendered":"https:\/\/new.studiolegalelazzarin.it\/?page_id=17"},"modified":"2024-09-18T09:30:20","modified_gmt":"2024-09-18T09:30:20","slug":"come-lavora-lo-studio","status":"publish","type":"page","link":"https:\/\/studiolegalelazzarin.it\/?page_id=17","title":{"rendered":"Come lavora lo studio"},"content":{"rendered":"\n<div class=\"wp-block-cover alignwide\" style=\"min-height:391px;aspect-ratio:unset;\"><span aria-hidden=\"true\" class=\"wp-block-cover__background has-background-dim\" style=\"background-color:#7a6956\"><\/span><img loading=\"lazy\" decoding=\"async\" width=\"767\" height=\"563\" class=\"wp-block-cover__image-background wp-image-56\" alt=\"\" src=\"https:\/\/studiolegalelazzarin.it\/wp-content\/uploads\/2024\/09\/3106144_b2785c_767x563.jpg\" data-object-fit=\"cover\" srcset=\"https:\/\/studiolegalelazzarin.it\/wp-content\/uploads\/2024\/09\/3106144_b2785c_767x563.jpg 767w, https:\/\/studiolegalelazzarin.it\/wp-content\/uploads\/2024\/09\/3106144_b2785c_767x563-300x220.jpg 300w\" sizes=\"auto, (max-width: 767px) 100vw, 767px\" \/><div class=\"wp-block-cover__inner-container has-global-padding is-layout-constrained wp-block-cover-is-layout-constrained\">\n<p class=\"has-text-align-center has-large-font-size\">Come lavora lo studio<\/p>\n<\/div><\/div>\n\n\n\n<p>\u00c8 la persona il fulcro dell\u2019attivit\u00e0 professionale dello Studio Legale Lazzarin.<\/p>\n\n\n\n<p>Il necessario approfondimento del fatto in ogni suo aspetto \u00e8 il punto di partenza per ogni consulenza e successiva eventuale difesa. Per questo, l\u2019avvocato Lazzarin dedica molto tempo ad analizzare il caso sottoposto e alla persona che si accosta alle problematiche penalistiche, sia che si tratti di persona offesa sia che si tratti di indagato, imputato o condannato, e non da ultimo ai familiari.<\/p>\n\n\n\n<p>Tale attivit\u00e0 si svolge sempre attraverso colloqui individuali con l\u2019avvocato e con gli eventuali collaboratori e consulenti.<\/p>\n\n\n\n<p>Dopo questa importantissima fase iniziale e l\u2019eventuale incarico professionale, in accordo con l\u2019Assistito si decide la strategia difensiva da attuare in tutte le asi del procedimento penale: indagine, pre processuale e processuale, che si sviluppa poi con lo studio e l\u2019approfondimento giuridico costante ed aggiornato.<\/p>\n\n\n\n<p>Allo scopo di sviluppare al meglio la difesa, lo Studio Lazzarin, dopo una approfondita analisi del fatto e del diritto, si occupa anche della chiara spiegazione di ogni aspetto dell&#8217;evento che coinvolge l&#8217;assistito, spesso sovrastato da un evento che pu\u00f2 risultare incomprensibile giuridicamente per la persona che non opera nel campo del diritto.<\/p>\n\n\n\n<p>Poi, insieme al Cliente, adeguatamente informato, si valutano tutte le strade per la risoluzione della problematica proposta, non necessariamente di tipo giudiziale, e si vaglia l\u2019opportunit\u00e0 di eventuali riti alternativi a quello ordinario (giudizio abbreviato o patteggiamento) e di ogni altro tipo di attivit\u00e0 utile come l\u2019espletamento di indagini difensive o il ricorso a consulenze esterne.<\/p>\n\n\n\n<p>Tutta questa fase \u00e8 improntata al raggiungimento del massimo beneficio possibile per il Cliente, che in ogni passaggio \u00e8 seguito ed aggiornato con tempestivit\u00e0 e seriet\u00e0. Chiarezza e trasparenza nella comunicazione sono un segno distintivo del lavoro di tutto lo Studio Lazzarin.<\/p>\n\n\n\n<p>Per svolgere al meglio questa attivit\u00e0 l\u2019avvocato si avvale di consulenze preparate e competenti, nonch\u00e9 di consulenti tecnici specializzati nei pi\u00f9 vari campi scientifici: questo anche per svolgere le attivit\u00e0 necessarie alle indagini difensive.<\/p>\n","protected":false},"excerpt":{"rendered":"<p>\u00c8 la persona il fulcro dell\u2019attivit\u00e0 professionale dello Studio Legale Lazzarin. Il necessario approfondimento del fatto in ogni suo aspetto \u00e8 il punto di partenza per ogni consulenza e successiva eventuale difesa. Per questo, l\u2019avvocato Lazzarin dedica molto tempo ad analizzare il caso sottoposto e alla persona che si accosta alle problematiche penalistiche, sia che [&hellip;]<\/p>\n","protected":false},"author":1,"featured_media":0,"parent":0,"menu_order":0,"comment_status":"closed","ping_status":"closed","template":"","meta":{"footnotes":""},"class_list":["post-17","page","type-page","status-publish","hentry"],"yoast_head":"<!-- This site is optimized with the Yoast SEO plugin v23.4 - https:\/\/yoast.com\/wordpress\/plugins\/seo\/ -->\n<title>Come lavora lo studio - Studio Legale Lazzarin<\/title>\n<meta name=\"robots\" content=\"noindex, follow, max-snippet:-1, max-image-preview:large, max-video-preview:-1\" \/>\n<meta property=\"og:locale\" content=\"it_IT\" \/>\n<meta property=\"og:type\" content=\"article\" \/>\n<meta property=\"og:title\" content=\"Come lavora lo studio - Studio Legale Lazzarin\" \/>\n<meta property=\"og:description\" content=\"\u00c8 la persona il fulcro dell\u2019attivit\u00e0 professionale dello Studio Legale Lazzarin. Il necessario approfondimento del fatto in ogni suo aspetto \u00e8 il punto di partenza per ogni consulenza e successiva eventuale difesa. Per questo, l\u2019avvocato Lazzarin dedica molto tempo ad analizzare il caso sottoposto e alla persona che si accosta alle problematiche penalistiche, sia che [&hellip;]\" \/>\n<meta property=\"og:url\" content=\"https:\/\/studiolegalelazzarin.it\/?page_id=17\" \/>\n<meta property=\"og:site_name\" content=\"Studio Legale Lazzarin\" \/>\n<meta property=\"article:modified_time\" content=\"2024-09-18T09:30:20+00:00\" \/>\n<meta property=\"og:image\" content=\"https:\/\/studiolegalelazzarin.it\/wp-content\/uploads\/2024\/09\/3106144_b2785c_767x563.jpg\" \/>\n<meta name=\"twitter:card\" content=\"summary_large_image\" \/>\n<meta name=\"twitter:label1\" content=\"Tempo di lettura stimato\" \/>\n\t<meta name=\"twitter:data1\" content=\"2 minuti\" \/>\n<script type=\"application\/ld+json\" class=\"yoast-schema-graph\">{\"@context\":\"https:\/\/schema.org\",\"@graph\":[{\"@type\":\"WebPage\",\"@id\":\"https:\/\/studiolegalelazzarin.it\/?page_id=17\",\"url\":\"https:\/\/studiolegalelazzarin.it\/?page_id=17\",\"name\":\"Come lavora lo studio - Studio Legale Lazzarin\",\"isPartOf\":{\"@id\":\"https:\/\/studiolegalelazzarin.it\/#website\"},\"primaryImageOfPage\":{\"@id\":\"https:\/\/studiolegalelazzarin.it\/?page_id=17#primaryimage\"},\"image\":{\"@id\":\"https:\/\/studiolegalelazzarin.it\/?page_id=17#primaryimage\"},\"thumbnailUrl\":\"https:\/\/studiolegalelazzarin.it\/wp-content\/uploads\/2024\/09\/3106144_b2785c_767x563.jpg\",\"datePublished\":\"2024-09-17T18:07:29+00:00\",\"dateModified\":\"2024-09-18T09:30:20+00:00\",\"breadcrumb\":{\"@id\":\"https:\/\/studiolegalelazzarin.it\/?page_id=17#breadcrumb\"},\"inLanguage\":\"it-IT\",\"potentialAction\":[{\"@type\":\"ReadAction\",\"target\":[\"https:\/\/studiolegalelazzarin.it\/?page_id=17\"]}]},{\"@type\":\"ImageObject\",\"inLanguage\":\"it-IT\",\"@id\":\"https:\/\/studiolegalelazzarin.it\/?page_id=17#primaryimage\",\"url\":\"https:\/\/studiolegalelazzarin.it\/wp-content\/uploads\/2024\/09\/3106144_b2785c_767x563.jpg\",\"contentUrl\":\"https:\/\/studiolegalelazzarin.it\/wp-content\/uploads\/2024\/09\/3106144_b2785c_767x563.jpg\",\"width\":767,\"height\":563},{\"@type\":\"BreadcrumbList\",\"@id\":\"https:\/\/studiolegalelazzarin.it\/?page_id=17#breadcrumb\",\"itemListElement\":[{\"@type\":\"ListItem\",\"position\":1,\"name\":\"Home\",\"item\":\"https:\/\/studiolegalelazzarin.it\/\"},{\"@type\":\"ListItem\",\"position\":2,\"name\":\"Come lavora lo studio\"}]},{\"@type\":\"WebSite\",\"@id\":\"https:\/\/studiolegalelazzarin.it\/#website\",\"url\":\"https:\/\/studiolegalelazzarin.it\/\",\"name\":\"Studio Legale Lazzarin\",\"description\":\"\",\"potentialAction\":[{\"@type\":\"SearchAction\",\"target\":{\"@type\":\"EntryPoint\",\"urlTemplate\":\"https:\/\/studiolegalelazzarin.it\/?s={search_term_string}\"},\"query-input\":{\"@type\":\"PropertyValueSpecification\",\"valueRequired\":true,\"valueName\":\"search_term_string\"}}],\"inLanguage\":\"it-IT\"}]}<\/script>\n<!-- \/ Yoast SEO plugin. -->","yoast_head_json":{"title":"Come lavora lo studio - Studio Legale Lazzarin","robots":{"index":"noindex","follow":"follow","max-snippet":"max-snippet:-1","max-image-preview":"max-image-preview:large","max-video-preview":"max-video-preview:-1"},"og_locale":"it_IT","og_type":"article","og_title":"Come lavora lo studio - Studio Legale Lazzarin","og_description":"\u00c8 la persona il fulcro dell\u2019attivit\u00e0 professionale dello Studio Legale Lazzarin. Il necessario approfondimento del fatto in ogni suo aspetto \u00e8 il punto di partenza per ogni consulenza e successiva eventuale difesa. Per questo, l\u2019avvocato Lazzarin dedica molto tempo ad analizzare il caso sottoposto e alla persona che si accosta alle problematiche penalistiche, sia che [&hellip;]","og_url":"https:\/\/studiolegalelazzarin.it\/?page_id=17","og_site_name":"Studio Legale Lazzarin","article_modified_time":"2024-09-18T09:30:20+00:00","og_image":[{"url":"https:\/\/studiolegalelazzarin.it\/wp-content\/uploads\/2024\/09\/3106144_b2785c_767x563.jpg"}],"twitter_card":"summary_large_image","twitter_misc":{"Tempo di lettura stimato":"2 minuti"},"schema":{"@context":"https:\/\/schema.org","@graph":[{"@type":"WebPage","@id":"https:\/\/studiolegalelazzarin.it\/?page_id=17","url":"https:\/\/studiolegalelazzarin.it\/?page_id=17","name":"Come lavora lo studio - Studio Legale Lazzarin","isPartOf":{"@id":"https:\/\/studiolegalelazzarin.it\/#website"},"primaryImageOfPage":{"@id":"https:\/\/studiolegalelazzarin.it\/?page_id=17#primaryimage"},"image":{"@id":"https:\/\/studiolegalelazzarin.it\/?page_id=17#primaryimage"},"thumbnailUrl":"https:\/\/studiolegalelazzarin.it\/wp-content\/uploads\/2024\/09\/3106144_b2785c_767x563.jpg","datePublished":"2024-09-17T18:07:29+00:00","dateModified":"2024-09-18T09:30:20+00:00","breadcrumb":{"@id":"https:\/\/studiolegalelazzarin.it\/?page_id=17#breadcrumb"},"inLanguage":"it-IT","potentialAction":[{"@type":"ReadAction","target":["https:\/\/studiolegalelazzarin.it\/?page_id=17"]}]},{"@type":"ImageObject","inLanguage":"it-IT","@id":"https:\/\/studiolegalelazzarin.it\/?page_id=17#primaryimage","url":"https:\/\/studiolegalelazzarin.it\/wp-content\/uploads\/2024\/09\/3106144_b2785c_767x563.jpg","contentUrl":"https:\/\/studiolegalelazzarin.it\/wp-content\/uploads\/2024\/09\/3106144_b2785c_767x563.jpg","width":767,"height":563},{"@type":"BreadcrumbList","@id":"https:\/\/studiolegalelazzarin.it\/?page_id=17#breadcrumb","itemListElement":[{"@type":"ListItem","position":1,"name":"Home","item":"https:\/\/studiolegalelazzarin.it\/"},{"@type":"ListItem","position":2,"name":"Come lavora lo studio"}]},{"@type":"WebSite","@id":"https:\/\/studiolegalelazzarin.it\/#website","url":"https:\/\/studiolegalelazzarin.it\/","name":"Studio Legale Lazzarin","description":"","potentialAction":[{"@type":"SearchAction","target":{"@type":"EntryPoint","urlTemplate":"https:\/\/studiolegalelazzarin.it\/?s={search_term_string}"},"query-input":{"@type":"PropertyValueSpecification","valueRequired":true,"valueName":"search_term_string"}}],"inLanguage":"it-IT"}]}},"_links":{"self":[{"href":"https:\/\/studiolegalelazzarin.it\/index.php?rest_route=\/wp\/v2\/pages\/17","targetHints":{"allow":["GET"]}}],"collection":[{"href":"https:\/\/studiolegalelazzarin.it\/index.php?rest_route=\/wp\/v2\/pages"}],"about":[{"href":"https:\/\/studiolegalelazzarin.it\/index.php?rest_route=\/wp\/v2\/types\/page"}],"author":[{"embeddable":true,"href":"https:\/\/studiolegalelazzarin.it\/index.php?rest_route=\/wp\/v2\/users\/1"}],"replies":[{"embeddable":true,"href":"https:\/\/studiolegalelazzarin.it\/index.php?rest_route=%2Fwp%2Fv2%2Fcomments&post=17"}],"version-history":[{"count":5,"href":"https:\/\/studiolegalelazzarin.it\/index.php?rest_route=\/wp\/v2\/pages\/17\/revisions"}],"predecessor-version":[{"id":59,"href":"https:\/\/studiolegalelazzarin.it\/index.php?rest_route=\/wp\/v2\/pages\/17\/revisions\/59"}],"wp:attachment":[{"href":"https:\/\/studiolegalelazzarin.it\/index.php?rest_route=%2Fwp%2Fv2%2Fmedia&parent=17"}],"curies":[{"name":"wp","href":"https:\/\/api.w.org\/{rel}","templated":true}]}}