{"id":11,"date":"2024-09-17T18:06:03","date_gmt":"2024-09-17T18:06:03","guid":{"rendered":"https:\/\/new.studiolegalelazzarin.it\/?page_id=11"},"modified":"2024-09-18T09:26:12","modified_gmt":"2024-09-18T09:26:12","slug":"le-aree-di-attivita","status":"publish","type":"page","link":"https:\/\/studiolegalelazzarin.it\/?page_id=11","title":{"rendered":"LE AREE DI ATTIVITA&#8217;"},"content":{"rendered":"\n<div class=\"wp-block-cover alignwide is-light\" style=\"min-height:385px;aspect-ratio:unset;\"><span aria-hidden=\"true\" class=\"wp-block-cover__background has-background-dim\" style=\"background-color:#979a9b\"><\/span><img loading=\"lazy\" decoding=\"async\" width=\"1320\" height=\"450\" class=\"wp-block-cover__image-background wp-image-43\" alt=\"\" src=\"https:\/\/studiolegalelazzarin.it\/wp-content\/uploads\/2024\/09\/diritto-penale-3.jpg\" data-object-fit=\"cover\" srcset=\"https:\/\/studiolegalelazzarin.it\/wp-content\/uploads\/2024\/09\/diritto-penale-3.jpg 1320w, https:\/\/studiolegalelazzarin.it\/wp-content\/uploads\/2024\/09\/diritto-penale-3-300x102.jpg 300w, https:\/\/studiolegalelazzarin.it\/wp-content\/uploads\/2024\/09\/diritto-penale-3-1024x349.jpg 1024w, https:\/\/studiolegalelazzarin.it\/wp-content\/uploads\/2024\/09\/diritto-penale-3-768x262.jpg 768w\" sizes=\"auto, (max-width: 1320px) 100vw, 1320px\" \/><div class=\"wp-block-cover__inner-container has-global-padding is-layout-constrained wp-block-cover-is-layout-constrained\">\n<p class=\"has-text-align-center has-base-color has-text-color has-link-color has-x-large-font-size wp-elements-642f88f3b2f0cbdf545bf5a7a792c718\">Le Aree di Attivit\u00e0<\/p>\n<\/div><\/div>\n\n\n\n<p><br>Lo Studio, forte dell\u2019esperienza maturata in campo penale e grazie alla competenza del professionista alla sua guida, offre ai propri assistiti un ventaglio di servizi legali orientati alla tutela penale:<\/p>\n\n\n\n<ul class=\"wp-block-list\">\n<li>consulenza legale stragiudiziale e predibattimentale;<\/li>\n\n\n\n<li>analisi&nbsp;delle problematiche conseguenti all&#8217;avvio di procedimenti penali a carico di soggetti indagati ovvero offesi dal reato;<\/li>\n\n\n\n<li>assistenza nell\u2019ambito del contenzioso penale per le varie fasi del procedimento:&nbsp;<em>cautelare, istruttoria, dibattimentale e dei riti alternativi, esecutiva e di sorveglianza;<\/em><\/li>\n<\/ul>\n\n\n\n<p>in materia di:&nbsp;<em>delitti&nbsp;<a href=\"http:\/\/www.altalex.com\/documents\/news\/2014\/09\/30\/dei-delitti-contro-l-amministrazione-della-giustizia\">contro la pubblica<\/a>&nbsp;<a href=\"http:\/\/www.altalex.com\/documents\/news\/2014\/09\/30\/dei-delitti-contro-l-amministrazione-della-giustizia\">amministrazione<\/a>,&nbsp;<a href=\"http:\/\/www.altalex.com\/documents\/news\/2014\/04\/18\/dei-delitti-contro-l-ordine-pubblico\">contro l&#8217;ordine pubblico<\/a>,&nbsp;<a href=\"http:\/\/www.altalex.com\/documents\/news\/2014\/04\/23\/dei-delitti-contro-la-fede-pubblica\">contr<\/a>o la<a href=\"http:\/\/www.altalex.com\/documents\/news\/2014\/04\/23\/dei-delitti-contro-la-fede-pubblica\">&nbsp;fede&nbsp;<\/a><a href=\"http:\/\/www.altalex.com\/documents\/news\/2014\/04\/23\/dei-delitti-contro-la-fede-pubblica\">pubblica,&nbsp;<\/a><a href=\"http:\/\/www.altalex.com\/documents\/news\/2014\/11\/10\/dei-delitti-contro-la-famiglia\">contro la famiglia<\/a><a href=\"http:\/\/www.altalex.com\/documents\/news\/2014\/04\/23\/dei-delitti-contro-la-fede-pubblica\">,&nbsp;contro la persona, cont<\/a><a href=\"http:\/\/www.altalex.com\/documents\/news\/2014\/10\/22\/dei-delitti-contro-il-patrimonio\">ro il patrimonio<\/a><\/em><a href=\"http:\/\/www.altalex.com\/documents\/news\/2014\/04\/23\/dei-delitti-contro-la-fede-pubblica\"><em>, fallimentari, societari e tributari,&nbsp;di detenzione e cessione di stupefacenti<\/em>.<\/a><\/p>\n\n\n\n<p>Per rispondere in modo efficace e puntuale alle esigenze del Cliente, l&#8217;attivit\u00e0 viene organizzata in base alla complessit\u00e0 o alla particolarit\u00e0 del caso trattato. In questo modo, viene garantita la massima seriet\u00e0 e una indiscussa professionalit\u00e0 nell\u2019esame della controversia nelle sue molteplici sfaccettature.<\/p>\n","protected":false},"excerpt":{"rendered":"<p>Lo Studio, forte dell\u2019esperienza maturata in campo penale e grazie alla competenza del professionista alla sua guida, offre ai propri assistiti un ventaglio di servizi legali orientati alla tutela penale: in materia di:&nbsp;delitti&nbsp;contro la pubblica&nbsp;amministrazione,&nbsp;contro l&#8217;ordine pubblico,&nbsp;contro la&nbsp;fede&nbsp;pubblica,&nbsp;contro la famiglia,&nbsp;contro la persona, contro il patrimonio, fallimentari, societari e tributari,&nbsp;di detenzione e cessione di stupefacenti. Per [&hellip;]<\/p>\n","protected":false},"author":1,"featured_media":0,"parent":0,"menu_order":0,"comment_status":"closed","ping_status":"closed","template":"","meta":{"footnotes":""},"class_list":["post-11","page","type-page","status-publish","hentry"],"yoast_head":"<!-- This site is optimized with the Yoast SEO plugin v23.4 - https:\/\/yoast.com\/wordpress\/plugins\/seo\/ -->\n<title>LE AREE DI ATTIVITA&#039; - Studio Legale Lazzarin<\/title>\n<meta name=\"robots\" content=\"noindex, follow, max-snippet:-1, max-image-preview:large, max-video-preview:-1\" \/>\n<meta property=\"og:locale\" content=\"it_IT\" \/>\n<meta property=\"og:type\" content=\"article\" \/>\n<meta property=\"og:title\" content=\"LE AREE DI ATTIVITA&#039; - Studio Legale Lazzarin\" \/>\n<meta property=\"og:description\" content=\"Lo Studio, forte dell\u2019esperienza maturata in campo penale e grazie alla competenza del professionista alla sua guida, offre ai propri assistiti un ventaglio di servizi legali orientati alla tutela penale: in materia di:&nbsp;delitti&nbsp;contro la pubblica&nbsp;amministrazione,&nbsp;contro l&#8217;ordine pubblico,&nbsp;contro la&nbsp;fede&nbsp;pubblica,&nbsp;contro la famiglia,&nbsp;contro la persona, contro il patrimonio, fallimentari, societari e tributari,&nbsp;di detenzione e cessione di stupefacenti. Per [&hellip;]\" \/>\n<meta property=\"og:url\" content=\"https:\/\/studiolegalelazzarin.it\/?page_id=11\" \/>\n<meta property=\"og:site_name\" content=\"Studio Legale Lazzarin\" \/>\n<meta property=\"article:modified_time\" content=\"2024-09-18T09:26:12+00:00\" \/>\n<meta property=\"og:image\" content=\"https:\/\/studiolegalelazzarin.it\/wp-content\/uploads\/2024\/09\/diritto-penale-3.jpg\" \/>\n<meta name=\"twitter:card\" content=\"summary_large_image\" \/>\n<meta name=\"twitter:label1\" content=\"Tempo di lettura stimato\" \/>\n\t<meta name=\"twitter:data1\" content=\"2 minuti\" \/>\n<script type=\"application\/ld+json\" class=\"yoast-schema-graph\">{\"@context\":\"https:\/\/schema.org\",\"@graph\":[{\"@type\":\"WebPage\",\"@id\":\"https:\/\/studiolegalelazzarin.it\/?page_id=11\",\"url\":\"https:\/\/studiolegalelazzarin.it\/?page_id=11\",\"name\":\"LE AREE DI ATTIVITA' - Studio Legale Lazzarin\",\"isPartOf\":{\"@id\":\"https:\/\/studiolegalelazzarin.it\/#website\"},\"primaryImageOfPage\":{\"@id\":\"https:\/\/studiolegalelazzarin.it\/?page_id=11#primaryimage\"},\"image\":{\"@id\":\"https:\/\/studiolegalelazzarin.it\/?page_id=11#primaryimage\"},\"thumbnailUrl\":\"https:\/\/studiolegalelazzarin.it\/wp-content\/uploads\/2024\/09\/diritto-penale-3.jpg\",\"datePublished\":\"2024-09-17T18:06:03+00:00\",\"dateModified\":\"2024-09-18T09:26:12+00:00\",\"breadcrumb\":{\"@id\":\"https:\/\/studiolegalelazzarin.it\/?page_id=11#breadcrumb\"},\"inLanguage\":\"it-IT\",\"potentialAction\":[{\"@type\":\"ReadAction\",\"target\":[\"https:\/\/studiolegalelazzarin.it\/?page_id=11\"]}]},{\"@type\":\"ImageObject\",\"inLanguage\":\"it-IT\",\"@id\":\"https:\/\/studiolegalelazzarin.it\/?page_id=11#primaryimage\",\"url\":\"https:\/\/studiolegalelazzarin.it\/wp-content\/uploads\/2024\/09\/diritto-penale-3.jpg\",\"contentUrl\":\"https:\/\/studiolegalelazzarin.it\/wp-content\/uploads\/2024\/09\/diritto-penale-3.jpg\",\"width\":1320,\"height\":450},{\"@type\":\"BreadcrumbList\",\"@id\":\"https:\/\/studiolegalelazzarin.it\/?page_id=11#breadcrumb\",\"itemListElement\":[{\"@type\":\"ListItem\",\"position\":1,\"name\":\"Home\",\"item\":\"https:\/\/studiolegalelazzarin.it\/\"},{\"@type\":\"ListItem\",\"position\":2,\"name\":\"LE AREE DI ATTIVITA&#8217;\"}]},{\"@type\":\"WebSite\",\"@id\":\"https:\/\/studiolegalelazzarin.it\/#website\",\"url\":\"https:\/\/studiolegalelazzarin.it\/\",\"name\":\"Studio Legale Lazzarin\",\"description\":\"\",\"potentialAction\":[{\"@type\":\"SearchAction\",\"target\":{\"@type\":\"EntryPoint\",\"urlTemplate\":\"https:\/\/studiolegalelazzarin.it\/?s={search_term_string}\"},\"query-input\":{\"@type\":\"PropertyValueSpecification\",\"valueRequired\":true,\"valueName\":\"search_term_string\"}}],\"inLanguage\":\"it-IT\"}]}<\/script>\n<!-- \/ Yoast SEO plugin. -->","yoast_head_json":{"title":"LE AREE DI ATTIVITA' - Studio Legale Lazzarin","robots":{"index":"noindex","follow":"follow","max-snippet":"max-snippet:-1","max-image-preview":"max-image-preview:large","max-video-preview":"max-video-preview:-1"},"og_locale":"it_IT","og_type":"article","og_title":"LE AREE DI ATTIVITA' - Studio Legale Lazzarin","og_description":"Lo Studio, forte dell\u2019esperienza maturata in campo penale e grazie alla competenza del professionista alla sua guida, offre ai propri assistiti un ventaglio di servizi legali orientati alla tutela penale: in materia di:&nbsp;delitti&nbsp;contro la pubblica&nbsp;amministrazione,&nbsp;contro l&#8217;ordine pubblico,&nbsp;contro la&nbsp;fede&nbsp;pubblica,&nbsp;contro la famiglia,&nbsp;contro la persona, contro il patrimonio, fallimentari, societari e tributari,&nbsp;di detenzione e cessione di stupefacenti. Per [&hellip;]","og_url":"https:\/\/studiolegalelazzarin.it\/?page_id=11","og_site_name":"Studio Legale Lazzarin","article_modified_time":"2024-09-18T09:26:12+00:00","og_image":[{"url":"https:\/\/studiolegalelazzarin.it\/wp-content\/uploads\/2024\/09\/diritto-penale-3.jpg"}],"twitter_card":"summary_large_image","twitter_misc":{"Tempo di lettura stimato":"2 minuti"},"schema":{"@context":"https:\/\/schema.org","@graph":[{"@type":"WebPage","@id":"https:\/\/studiolegalelazzarin.it\/?page_id=11","url":"https:\/\/studiolegalelazzarin.it\/?page_id=11","name":"LE AREE DI ATTIVITA' - Studio Legale Lazzarin","isPartOf":{"@id":"https:\/\/studiolegalelazzarin.it\/#website"},"primaryImageOfPage":{"@id":"https:\/\/studiolegalelazzarin.it\/?page_id=11#primaryimage"},"image":{"@id":"https:\/\/studiolegalelazzarin.it\/?page_id=11#primaryimage"},"thumbnailUrl":"https:\/\/studiolegalelazzarin.it\/wp-content\/uploads\/2024\/09\/diritto-penale-3.jpg","datePublished":"2024-09-17T18:06:03+00:00","dateModified":"2024-09-18T09:26:12+00:00","breadcrumb":{"@id":"https:\/\/studiolegalelazzarin.it\/?page_id=11#breadcrumb"},"inLanguage":"it-IT","potentialAction":[{"@type":"ReadAction","target":["https:\/\/studiolegalelazzarin.it\/?page_id=11"]}]},{"@type":"ImageObject","inLanguage":"it-IT","@id":"https:\/\/studiolegalelazzarin.it\/?page_id=11#primaryimage","url":"https:\/\/studiolegalelazzarin.it\/wp-content\/uploads\/2024\/09\/diritto-penale-3.jpg","contentUrl":"https:\/\/studiolegalelazzarin.it\/wp-content\/uploads\/2024\/09\/diritto-penale-3.jpg","width":1320,"height":450},{"@type":"BreadcrumbList","@id":"https:\/\/studiolegalelazzarin.it\/?page_id=11#breadcrumb","itemListElement":[{"@type":"ListItem","position":1,"name":"Home","item":"https:\/\/studiolegalelazzarin.it\/"},{"@type":"ListItem","position":2,"name":"LE AREE DI ATTIVITA&#8217;"}]},{"@type":"WebSite","@id":"https:\/\/studiolegalelazzarin.it\/#website","url":"https:\/\/studiolegalelazzarin.it\/","name":"Studio Legale Lazzarin","description":"","potentialAction":[{"@type":"SearchAction","target":{"@type":"EntryPoint","urlTemplate":"https:\/\/studiolegalelazzarin.it\/?s={search_term_string}"},"query-input":{"@type":"PropertyValueSpecification","valueRequired":true,"valueName":"search_term_string"}}],"inLanguage":"it-IT"}]}},"_links":{"self":[{"href":"https:\/\/studiolegalelazzarin.it\/index.php?rest_route=\/wp\/v2\/pages\/11","targetHints":{"allow":["GET"]}}],"collection":[{"href":"https:\/\/studiolegalelazzarin.it\/index.php?rest_route=\/wp\/v2\/pages"}],"about":[{"href":"https:\/\/studiolegalelazzarin.it\/index.php?rest_route=\/wp\/v2\/types\/page"}],"author":[{"embeddable":true,"href":"https:\/\/studiolegalelazzarin.it\/index.php?rest_route=\/wp\/v2\/users\/1"}],"replies":[{"embeddable":true,"href":"https:\/\/studiolegalelazzarin.it\/index.php?rest_route=%2Fwp%2Fv2%2Fcomments&post=11"}],"version-history":[{"count":4,"href":"https:\/\/studiolegalelazzarin.it\/index.php?rest_route=\/wp\/v2\/pages\/11\/revisions"}],"predecessor-version":[{"id":55,"href":"https:\/\/studiolegalelazzarin.it\/index.php?rest_route=\/wp\/v2\/pages\/11\/revisions\/55"}],"wp:attachment":[{"href":"https:\/\/studiolegalelazzarin.it\/index.php?rest_route=%2Fwp%2Fv2%2Fmedia&parent=11"}],"curies":[{"name":"wp","href":"https:\/\/api.w.org\/{rel}","templated":true}]}}